{"id":13438,"date":"2024-08-22T13:56:24","date_gmt":"2024-08-22T11:56:24","guid":{"rendered":"https:\/\/fp-brennholz.de\/?post_type=product&#038;p=13438"},"modified":"2025-10-25T17:26:28","modified_gmt":"2025-10-25T15:26:28","slug":"brennholzpalette-25-cm-3-ster-gebrauchsfertig-gemischte-harthoelzer-eiche-hainbuche-buche-esche-ahorn","status":"publish","type":"product","link":"https:\/\/fp-brennholz.de\/index.php\/produit\/brennholzpalette-25-cm-3-ster-gebrauchsfertig-gemischte-harthoelzer-eiche-hainbuche-buche-esche-ahorn\/","title":{"rendered":"Brennholzpalette 25 cm, 3 Ster, gebrauchsfertig &#8211; gemischte Harth\u00f6lzer (Eiche, Hainbuche, Buche, Esche, Ahorn)"},"content":{"rendered":"<p>Trockenes Brennholz in B\u00fcndeln.<br \/>\nFreuen Sie sich \u00fcber Ihr geb\u00fcndeltes Brennholz, geschnitten in 25 cm lange St\u00fccke.<\/p>\n<p>Das B\u00fcndel besteht aus einer Palette und losen Holzscheiten, die gestapelt, verdichtet und anschlie\u00dfend in Folie eingewickelt werden.<\/p>\n<p>Das Holz ist bereit zum Verbrennen in Ihrem Kamin, Ofen oder Einsatz. Keine Sch\u00e4dlinge oder Moos mehr, die beim Trocknen zerst\u00f6rt werden. Sie werden sich \u00fcber Holz freuen, das schnell und einfach anz\u00fcndet.<br \/>\nDas Holz wird in 25 cm lange St\u00fccke geschnitten; ein Kubikmeter Holz hat ein Volumen von 0,6 m\u00b3.<\/p>\n","protected":false},"excerpt":{"rendered":"<p>Trockenes Brennholz lose auf einer Einwegpalette in Schrumpffolie \u2013 praktisch und wirtschaftlich.<\/p>\n<p>Der Holzfeuchtigkeitsgehalt wird w\u00e4hrend der Trocknung kontrolliert und liegt garantiert unter 20 %, f\u00fcr maximale Ausbeute.<\/p>\n","protected":false},"featured_media":13468,"comment_status":"open","ping_status":"closed","template":"","meta":[],"product_brand":[],"product_cat":[515],"product_tag":[],"class_list":{"0":"post-13438","1":"product","2":"type-product","3":"status-publish","4":"has-post-thumbnail","6":"product_cat-brennholz","8":"first","9":"instock","10":"taxable","11":"shipping-taxable","12":"purchasable","13":"product-type-simple"},"_links":{"self":[{"href":"https:\/\/fp-brennholz.de\/index.php\/wp-json\/wp\/v2\/product\/13438","targetHints":{"allow":["GET"]}}],"collection":[{"href":"https:\/\/fp-brennholz.de\/index.php\/wp-json\/wp\/v2\/product"}],"about":[{"href":"https:\/\/fp-brennholz.de\/index.php\/wp-json\/wp\/v2\/types\/product"}],"replies":[{"embeddable":true,"href":"https:\/\/fp-brennholz.de\/index.php\/wp-json\/wp\/v2\/comments?post=13438"}],"version-history":[{"count":4,"href":"https:\/\/fp-brennholz.de\/index.php\/wp-json\/wp\/v2\/product\/13438\/revisions"}],"predecessor-version":[{"id":14039,"href":"https:\/\/fp-brennholz.de\/index.php\/wp-json\/wp\/v2\/product\/13438\/revisions\/14039"}],"wp:featuredmedia":[{"embeddable":true,"href":"https:\/\/fp-brennholz.de\/index.php\/wp-json\/wp\/v2\/media\/13468"}],"wp:attachment":[{"href":"https:\/\/fp-brennholz.de\/index.php\/wp-json\/wp\/v2\/media?parent=13438"}],"wp:term":[{"taxonomy":"product_brand","embeddable":true,"href":"https:\/\/fp-brennholz.de\/index.php\/wp-json\/wp\/v2\/product_brand?post=13438"},{"taxonomy":"product_cat","embeddable":true,"href":"https:\/\/fp-brennholz.de\/index.php\/wp-json\/wp\/v2\/product_cat?post=13438"},{"taxonomy":"product_tag","embeddable":true,"href":"https:\/\/fp-brennholz.de\/index.php\/wp-json\/wp\/v2\/product_tag?post=13438"}],"curies":[{"name":"wp","href":"https:\/\/api.w.org\/{rel}","templated":true}]}}