{"id":13449,"date":"2024-08-22T13:56:24","date_gmt":"2024-08-22T11:56:24","guid":{"rendered":"https:\/\/fp-brennholz.de\/?post_type=product&#038;p=13449"},"modified":"2025-08-18T11:29:18","modified_gmt":"2025-08-18T09:29:18","slug":"holzpellets-butagaz-palette-mit-66-saecken-a-15-kg","status":"publish","type":"product","link":"https:\/\/fp-brennholz.de\/index.php\/produit\/holzpellets-butagaz-palette-mit-66-saecken-a-15-kg\/","title":{"rendered":"Holzpellets Butagaz, Palette mit 66 S\u00e4cken \u00e0 15 kg"},"content":{"rendered":"<p>Aschegehalt: 0,4 %<\/p>\n<p>Feuchtigkeitsgehalt: 6,8 %<\/p>\n<p>Heizwert: 4,9 kWh\/kg<\/p>\n<p>WIE WERDEN HOLZPELLETS HERGESTELLT?<\/p>\n<p>Unsere Produkte werden ausschlie\u00dflich aus S\u00e4gemehl und Hobelsp\u00e4nen hergestellt. Unsere Hersteller gewinnen ungenutztes Holz aus S\u00e4gewerken zur\u00fcck, mahlen es und verarbeiten es zu Pellets. Dadurch m\u00fcssen f\u00fcr die Herstellung unserer Pellets keine B\u00e4ume gef\u00e4llt werden. G\u00f6nnen Sie sich dank dieses hochwertigen Brennstoffs einfaches und umweltfreundliches Heizen mit Holz und erneuerbarer Energie.<\/p>\n<p>Die Butagaz Holzpelletpalette ist in 15-kg-S\u00e4cken verpackt und enth\u00e4lt 66 S\u00e4cke mit einem Gesamtgewicht von ca. einer Tonne (genauer gesagt 990 kg). Die Abmessungen der Pelletpalette in 15-kg-S\u00e4cken variieren je nach Region: 80 x 120 x 180 cm oder 100 x 100 x 180 cm.<\/p>\n","protected":false},"excerpt":{"rendered":"<p>BUTAGAZ Holzpellets sind 100 % nat\u00fcrlich und 100 % harzhaltig und gew\u00e4hrleisten optimales und effizientes Heizen mit Holz. Hergestellt nach strengsten europ\u00e4ischen Normen, einschlie\u00dflich DIN-Plus-Zertifizierung, k\u00f6nnen Sie sicher sein, dass Sie f\u00fcr Ihren Pelletofen Brennstoff h\u00f6chster Qualit\u00e4t erhalten.<\/p>\n","protected":false},"featured_media":13494,"comment_status":"open","ping_status":"closed","template":"","meta":[],"product_brand":[],"product_cat":[516],"product_tag":[],"class_list":{"0":"post-13449","1":"product","2":"type-product","3":"status-publish","4":"has-post-thumbnail","6":"product_cat-holzpellets","8":"first","9":"instock","10":"taxable","11":"shipping-taxable","12":"purchasable","13":"product-type-simple"},"_links":{"self":[{"href":"https:\/\/fp-brennholz.de\/index.php\/wp-json\/wp\/v2\/product\/13449","targetHints":{"allow":["GET"]}}],"collection":[{"href":"https:\/\/fp-brennholz.de\/index.php\/wp-json\/wp\/v2\/product"}],"about":[{"href":"https:\/\/fp-brennholz.de\/index.php\/wp-json\/wp\/v2\/types\/product"}],"replies":[{"embeddable":true,"href":"https:\/\/fp-brennholz.de\/index.php\/wp-json\/wp\/v2\/comments?post=13449"}],"version-history":[{"count":3,"href":"https:\/\/fp-brennholz.de\/index.php\/wp-json\/wp\/v2\/product\/13449\/revisions"}],"predecessor-version":[{"id":14003,"href":"https:\/\/fp-brennholz.de\/index.php\/wp-json\/wp\/v2\/product\/13449\/revisions\/14003"}],"wp:featuredmedia":[{"embeddable":true,"href":"https:\/\/fp-brennholz.de\/index.php\/wp-json\/wp\/v2\/media\/13494"}],"wp:attachment":[{"href":"https:\/\/fp-brennholz.de\/index.php\/wp-json\/wp\/v2\/media?parent=13449"}],"wp:term":[{"taxonomy":"product_brand","embeddable":true,"href":"https:\/\/fp-brennholz.de\/index.php\/wp-json\/wp\/v2\/product_brand?post=13449"},{"taxonomy":"product_cat","embeddable":true,"href":"https:\/\/fp-brennholz.de\/index.php\/wp-json\/wp\/v2\/product_cat?post=13449"},{"taxonomy":"product_tag","embeddable":true,"href":"https:\/\/fp-brennholz.de\/index.php\/wp-json\/wp\/v2\/product_tag?post=13449"}],"curies":[{"name":"wp","href":"https:\/\/api.w.org\/{rel}","templated":true}]}}