{"id":13959,"date":"2025-08-17T09:00:03","date_gmt":"2025-08-17T07:00:03","guid":{"rendered":"https:\/\/fp-brennholz.de\/?post_type=product&#038;p=13959"},"modified":"2025-08-17T09:01:16","modified_gmt":"2025-08-17T07:01:16","slug":"xxl-mischholzbrikett-1000-kg-ruf","status":"publish","type":"product","link":"https:\/\/fp-brennholz.de\/index.php\/produit\/xxl-mischholzbrikett-1000-kg-ruf\/","title":{"rendered":"XXL Mischholzbrikett 1000 kg RUF"},"content":{"rendered":"<p>Unser pers\u00f6nliches Lieblingsbrikett im RUF XXL-Format k\u00f6nnen wir Ihnen aktuell zu einem absoluten Spitzenpreis anbieten. Sehr universell einsetzbar, mit einem hervorragenden Preis- Leistungsverh\u00e4ltniss. Im Ofen haben diese Briketts eine wunderbare Holzscheitoptik und dehnen sich beim Verbrennen nicht aus. Diese Briketts vereinen eine lange Flamm- und Glutdaur mit einer einfachen Entflammbarkeit, sie sind somit f\u00fcr alle Feuerst\u00e4tten bestens geeignet. Das Paketgewicht betr\u00e4gt 12,5 kg, auf einer Palette sind 80 Pakete. Durch die eng anliegende Verpackung in Recyclingschrumpffolie entstehen beim Transport keine Br\u00f6sel durch Abrieb.<br \/>\nDie Ma\u00dfe des einzelnen Briketts sind: ca. 24,5cm x 8,5cm x 7,0cm (L\u00e4nge, Breite, H\u00f6he).<\/p>\n<p>&#8211; 80 Pack pro Palette<br \/>\n&#8211; sch\u00f6nes Flammbild<br \/>\n&#8211; Holzscheitoptik<br \/>\n&#8211; frei von Zus\u00e4tzen<br \/>\n&#8211; Heizwert ca. 5,3 kWh\/kg<br \/>\n&#8211; hervorragend stapelbar<br \/>\n&#8211; wenig Restasche<\/p>\n","protected":false},"excerpt":{"rendered":"<p>Unser pers\u00f6nliches Lieblingsbrikett im RUF XXL-Format k\u00f6nnen wir Ihnen aktuell zu einem absoluten Spitzenpreis anbieten. Sehr universell einsetzbar, mit einem<\/p>\n","protected":false},"featured_media":13961,"comment_status":"open","ping_status":"closed","template":"","meta":[],"product_brand":[],"product_cat":[517],"product_tag":[],"class_list":{"0":"post-13959","1":"product","2":"type-product","3":"status-publish","4":"has-post-thumbnail","6":"product_cat-holzbriketts","8":"first","9":"instock","10":"taxable","11":"shipping-taxable","12":"purchasable","13":"product-type-simple"},"_links":{"self":[{"href":"https:\/\/fp-brennholz.de\/index.php\/wp-json\/wp\/v2\/product\/13959","targetHints":{"allow":["GET"]}}],"collection":[{"href":"https:\/\/fp-brennholz.de\/index.php\/wp-json\/wp\/v2\/product"}],"about":[{"href":"https:\/\/fp-brennholz.de\/index.php\/wp-json\/wp\/v2\/types\/product"}],"replies":[{"embeddable":true,"href":"https:\/\/fp-brennholz.de\/index.php\/wp-json\/wp\/v2\/comments?post=13959"}],"version-history":[{"count":2,"href":"https:\/\/fp-brennholz.de\/index.php\/wp-json\/wp\/v2\/product\/13959\/revisions"}],"predecessor-version":[{"id":13963,"href":"https:\/\/fp-brennholz.de\/index.php\/wp-json\/wp\/v2\/product\/13959\/revisions\/13963"}],"wp:featuredmedia":[{"embeddable":true,"href":"https:\/\/fp-brennholz.de\/index.php\/wp-json\/wp\/v2\/media\/13961"}],"wp:attachment":[{"href":"https:\/\/fp-brennholz.de\/index.php\/wp-json\/wp\/v2\/media?parent=13959"}],"wp:term":[{"taxonomy":"product_brand","embeddable":true,"href":"https:\/\/fp-brennholz.de\/index.php\/wp-json\/wp\/v2\/product_brand?post=13959"},{"taxonomy":"product_cat","embeddable":true,"href":"https:\/\/fp-brennholz.de\/index.php\/wp-json\/wp\/v2\/product_cat?post=13959"},{"taxonomy":"product_tag","embeddable":true,"href":"https:\/\/fp-brennholz.de\/index.php\/wp-json\/wp\/v2\/product_tag?post=13959"}],"curies":[{"name":"wp","href":"https:\/\/api.w.org\/{rel}","templated":true}]}}