{"id":14045,"date":"2025-10-25T17:41:11","date_gmt":"2025-10-25T15:41:11","guid":{"rendered":"https:\/\/fp-brennholz.de\/?post_type=product&#038;p=14045"},"modified":"2025-10-25T17:41:11","modified_gmt":"2025-10-25T15:41:11","slug":"brennholz-in-50-cm-grossen-stuecken-laubholzmischung-eiche-hainbuche-buche-esche-ahorn","status":"publish","type":"product","link":"https:\/\/fp-brennholz.de\/index.php\/produit\/brennholz-in-50-cm-grossen-stuecken-laubholzmischung-eiche-hainbuche-buche-esche-ahorn\/","title":{"rendered":"Brennholz in 50 cm gro\u00dfen St\u00fccken &#8211; Laubholzmischung (Eiche, Hainbuche, Buche, Esche, Ahorn)"},"content":{"rendered":"<p>50 cm Brennholz \u2013 Die ideale L\u00f6sung f\u00fcr effizientes Heizen<br \/>\nHolz in Premiumqualit\u00e4t: Hergestellt aus Eiche, Hainbuche, Buche und Esche garantiert unser Holz gleichm\u00e4\u00dfige W\u00e4rme.<\/p>\n<p>Die Wahl von hochwertigem 50 cm Brennholz ist entscheidend f\u00fcr eine optimale Verbrennung in Ihren \u00d6fen und Kaminen. Dieses Brennholz aus 100 % Hartholz sorgt f\u00fcr intensive und langanhaltende W\u00e4rme.<\/p>\n<p>Dieses traditionelle Holz wird nat\u00fcrlich getrocknet und erm\u00f6glicht so eine saubere, effiziente und hitzebest\u00e4ndige Verbrennung. Auf 50 cm L\u00e4nge geschnitten und mit einem Durchmesser von 5 cm bis 10 cm eignet es sich f\u00fcr Kamine, \u00d6fen und Kamine und sorgt f\u00fcr optimalen Heizkomfort.<\/p>\n<p>50 cm Brennholz: Praktisch und umweltfreundlich<br \/>\n50 cm Brennholz ist die ideale L\u00f6sung f\u00fcr alle, die Wert auf nat\u00fcrliche und nachhaltige Verbrennung legen. Es kann lose per Kubikmeter per Kipper oder auf Paletten per Kranwagen geliefert werden, um die Lagerung zu erleichtern.<\/p>\n<p>Dar\u00fcber hinaus spendet es den ganzen Winter \u00fcber konstante W\u00e4rme und sorgt f\u00fcr optimalen Komfort.<\/p>\n<p>* Gewicht: 450 kg<\/p>\n<p>* Menge: 1 Kubikmete<\/p>\n","protected":false},"excerpt":{"rendered":"<p>W\u00e4hlen Sie Holz in 0,50 cm St\u00e4rke, ausschlie\u00dflich aus Hartholz. Nat\u00fcrlich getrocknet, garantiert es eine effiziente und langanhaltende Verbrennung.<\/p>\n<p><span style=\"color: #000080;\"><strong>Der angezeigte Preis gilt pro Kubikmeter. Um den Gesamtbetrag zu erfahren, w\u00e4hlen Sie einfach die gew\u00fcnschte Kubikmeterzahl aus und legen Sie sie in den Warenkorb.<\/strong><\/span><\/p>\n","protected":false},"featured_media":14051,"comment_status":"open","ping_status":"closed","template":"","meta":[],"product_brand":[],"product_cat":[515],"product_tag":[],"class_list":{"0":"post-14045","1":"product","2":"type-product","3":"status-publish","4":"has-post-thumbnail","6":"product_cat-brennholz","8":"first","9":"instock","10":"taxable","11":"shipping-taxable","12":"purchasable","13":"product-type-simple"},"_links":{"self":[{"href":"https:\/\/fp-brennholz.de\/index.php\/wp-json\/wp\/v2\/product\/14045","targetHints":{"allow":["GET"]}}],"collection":[{"href":"https:\/\/fp-brennholz.de\/index.php\/wp-json\/wp\/v2\/product"}],"about":[{"href":"https:\/\/fp-brennholz.de\/index.php\/wp-json\/wp\/v2\/types\/product"}],"replies":[{"embeddable":true,"href":"https:\/\/fp-brennholz.de\/index.php\/wp-json\/wp\/v2\/comments?post=14045"}],"version-history":[{"count":2,"href":"https:\/\/fp-brennholz.de\/index.php\/wp-json\/wp\/v2\/product\/14045\/revisions"}],"predecessor-version":[{"id":14053,"href":"https:\/\/fp-brennholz.de\/index.php\/wp-json\/wp\/v2\/product\/14045\/revisions\/14053"}],"wp:featuredmedia":[{"embeddable":true,"href":"https:\/\/fp-brennholz.de\/index.php\/wp-json\/wp\/v2\/media\/14051"}],"wp:attachment":[{"href":"https:\/\/fp-brennholz.de\/index.php\/wp-json\/wp\/v2\/media?parent=14045"}],"wp:term":[{"taxonomy":"product_brand","embeddable":true,"href":"https:\/\/fp-brennholz.de\/index.php\/wp-json\/wp\/v2\/product_brand?post=14045"},{"taxonomy":"product_cat","embeddable":true,"href":"https:\/\/fp-brennholz.de\/index.php\/wp-json\/wp\/v2\/product_cat?post=14045"},{"taxonomy":"product_tag","embeddable":true,"href":"https:\/\/fp-brennholz.de\/index.php\/wp-json\/wp\/v2\/product_tag?post=14045"}],"curies":[{"name":"wp","href":"https:\/\/api.w.org\/{rel}","templated":true}]}}